{"id":718,"date":"2015-07-29T13:44:44","date_gmt":"2015-07-29T13:44:44","guid":{"rendered":"https:\/\/chandani-spacious-main.sites.qsandbox.com\/?page_id=4"},"modified":"2025-09-22T18:27:19","modified_gmt":"2025-09-22T15:27:19","slug":"home","status":"publish","type":"page","link":"https:\/\/beta.armiks.lv\/","title":{"rendered":"M\u0101jas lapa"},"content":{"rendered":"\t\t<div data-elementor-type=\"wp-page\" data-elementor-id=\"718\" class=\"elementor elementor-718\">\n\t\t\t\t\t\t<section class=\"elementor-section elementor-top-section elementor-element elementor-element-4834b6dd elementor-section-boxed elementor-section-height-default elementor-section-height-default\" data-id=\"4834b6dd\" data-element_type=\"section\">\n\t\t\t\t\t\t<div class=\"elementor-container elementor-column-gap-default\">\n\t\t\t\t\t<div class=\"elementor-column elementor-col-100 elementor-top-column elementor-element elementor-element-7167122\" data-id=\"7167122\" data-element_type=\"column\">\n\t\t\t<div class=\"elementor-widget-wrap elementor-element-populated\">\n\t\t\t\t\t\t<div class=\"elementor-element elementor-element-398dfd8b elementor-widget__width-initial elementor-widget elementor-widget-text-editor\" data-id=\"398dfd8b\" data-element_type=\"widget\" data-widget_type=\"text-editor.default\">\n\t\t\t\t<div class=\"elementor-widget-container\">\n\t\t\t\t\t\t\t\t\t<div style=\"display: flex; flex-wrap: wrap; gap: 20px; padding: 40px; justify-content: space-between; background-color: white;\">\n\n<!-- Card 1 -->\n<div style=\"flex: 1 1 280px; max-width: 32%; background-color: white; color: #333; border-radius: 12px; overflow: hidden; box-shadow: 0 4px 12px rgba(0,0,0,0.1); transition: transform 0.2s, box-shadow 0.2s; display: flex; flex-direction: column;\"><img decoding=\"async\" style=\"width: 100%; object-fit: cover; display: block;\" src=\"https:\/\/elopkopiba.lv\/wp-content\/uploads\/2025\/09\/armiks-tehnikis-galvena-lapa-200x300.png\" alt=\"Fermu tehniskais serviss\" \/>\n<div style=\"padding: 20px; display: flex; flex-direction: column; flex-grow: 1; justify-content: space-between;\">\n<div>\n<h3 style=\"margin-top: 0; color: #177374;\">Fermu tehniskais serviss<\/h3>\nApkalpojam slauk\u0161anas un baro\u0161anas iek\u0101rtas, m\u0113slu izv\u0101k\u0161anas sist\u0113mas, fermu apr\u012bkojumu un piena dzes\u0113t\u0101jus \u2013 gan tradicion\u0101lus, gan automatiz\u0113tus risin\u0101jumus. \u0100tri, uzticami un profesion\u0101li.\n\n<\/div>\n<a style=\"margin-top: 20px; display: inline-block; padding: 10px 18px; background-color: #177374; color: white; border-radius: 6px; text-decoration: none; font-weight: 500; text-align: center;\" href=\"https:\/\/beta.armiks.lv\/index.php\/2025\/07\/09\/slauksanas-iekartu-serviss\/\">\nUzzin\u0101t vair\u0101k\n<\/a>\n\n<\/div>\n<\/div>\n<!-- Card 2 -->\n<div style=\"flex: 1 1 280px; max-width: 32%; background-color: white; color: #333; border-radius: 12px; overflow: hidden; box-shadow: 0 4px 12px rgba(0,0,0,0.1); transition: transform 0.2s, box-shadow 0.2s; display: flex; flex-direction: column;\"><img decoding=\"async\" style=\"width: 100%; aspect-ratio: 16\/9; object-fit: cover; display: block;\" src=\"https:\/\/elopkopiba.lv\/wp-content\/uploads\/2025\/08\/sia-armiks-projektesana-un-konsultacijas-169x300.png\" alt=\"Projekt\u0113\u0161ana\" \/>\n<div style=\"padding: 20px; display: flex; flex-direction: column; flex-grow: 1; justify-content: space-between;\">\n<div>\n<h3 style=\"margin-top: 0; color: #177374;\">Projekt\u0113\u0161ana un konsult\u0101cijas<\/h3>\nPied\u0101v\u0101jam fermu un iek\u0101rtu projekt\u0113\u0161anas un konsult\u0101ciju pakalpojumus. Pal\u012bdzam izstr\u0101d\u0101t funkcion\u0101lus un efekt\u012bvus risin\u0101jumus, piel\u0101gotus katras saimniec\u012bbas vajadz\u012bb\u0101m, nodro\u0161inot m\u016bsdien\u012bgu pieeju un profesion\u0101lu atbalstu.\n\n<\/div>\n<a style=\"margin-top: 20px; display: inline-block; padding: 10px 18px; background-color: #177374; color: white; border-radius: 6px; text-decoration: none; font-weight: 500; text-align: center;\" href=\"\/projektesana-un-konsultacijas\">\nUzzin\u0101t vair\u0101k\n<\/a>\n\n<\/div>\n<\/div>\n<!-- Card 3 -->\n<div style=\"flex: 1 1 280px; max-width: 32%; background-color: white; color: #333; border-radius: 12px; overflow: hidden; box-shadow: 0 4px 12px rgba(0,0,0,0.1); transition: transform 0.2s, box-shadow 0.2s; display: flex; flex-direction: column;\"><img decoding=\"async\" style=\"width: 100%; aspect-ratio: 16\/9; object-fit: cover; display: block;\" src=\"https:\/\/drive.google.com\/uc?export=view&amp;id=1PeWqIG4_C72heI8HuqTTBMpeGuXPMeKk\" alt=\"Iek\u0101rtas un uzst\u0101d\u012b\u0161ana\" \/>\n<div style=\"padding: 20px; display: flex; flex-direction: column; flex-grow: 1; justify-content: space-between;\">\n<div>\n<h3 style=\"margin-top: 0; color: #177374;\">Iek\u0101rtas un to uzst\u0101d\u012b\u0161ana<\/h3>\nApraksts par iek\u0101rtu pieg\u0101di un to profesion\u0101lu uzst\u0101d\u012b\u0161anu.\n\n<\/div>\n<a style=\"margin-top: 20px; display: inline-block; padding: 10px 18px; background-color: #177374; color: white; border-radius: 6px; text-decoration: none; font-weight: 500; text-align: center;\" href=\"\/iekartas-un-uzstadisanas\">\nUzzin\u0101t vair\u0101k\n<\/a>\n\n<\/div>\n<\/div>\n<\/div>\t\t\t\t\t\t\t\t<\/div>\n\t\t\t\t<\/div>\n\t\t\t\t\t<\/div>\n\t\t<\/div>\n\t\t\t\t\t<\/div>\n\t\t<\/section>\n\t\t\t\t<\/div>\n\t\t","protected":false},"excerpt":{"rendered":"<p>M\u0101jas lapa<\/p>\n","protected":false},"author":1,"featured_media":0,"parent":0,"menu_order":0,"comment_status":"open","ping_status":"open","template":"page-templates\/page-builder.php","meta":{"footnotes":""},"class_list":["post-718","page","type-page","status-publish","hentry"],"aioseo_notices":[],"_links":{"self":[{"href":"https:\/\/beta.armiks.lv\/index.php\/wp-json\/wp\/v2\/pages\/718","targetHints":{"allow":["GET"]}}],"collection":[{"href":"https:\/\/beta.armiks.lv\/index.php\/wp-json\/wp\/v2\/pages"}],"about":[{"href":"https:\/\/beta.armiks.lv\/index.php\/wp-json\/wp\/v2\/types\/page"}],"author":[{"embeddable":true,"href":"https:\/\/beta.armiks.lv\/index.php\/wp-json\/wp\/v2\/users\/1"}],"replies":[{"embeddable":true,"href":"https:\/\/beta.armiks.lv\/index.php\/wp-json\/wp\/v2\/comments?post=718"}],"version-history":[{"count":56,"href":"https:\/\/beta.armiks.lv\/index.php\/wp-json\/wp\/v2\/pages\/718\/revisions"}],"predecessor-version":[{"id":1114,"href":"https:\/\/beta.armiks.lv\/index.php\/wp-json\/wp\/v2\/pages\/718\/revisions\/1114"}],"wp:attachment":[{"href":"https:\/\/beta.armiks.lv\/index.php\/wp-json\/wp\/v2\/media?parent=718"}],"curies":[{"name":"wp","href":"https:\/\/api.w.org\/{rel}","templated":true}]}}