{"id":38,"date":"2022-01-17T10:22:02","date_gmt":"2022-01-17T10:22:02","guid":{"rendered":"https:\/\/chandani-spacious-main.sites.qsandbox.com\/?page_id=38"},"modified":"2025-07-30T20:09:00","modified_gmt":"2025-07-30T17:09:00","slug":"contact-us","status":"publish","type":"page","link":"https:\/\/beta.armiks.lv\/index.php\/contact-us\/","title":{"rendered":"Kontakti"},"content":{"rendered":"\t\t<div data-elementor-type=\"wp-page\" data-elementor-id=\"38\" class=\"elementor elementor-38\">\n\t\t\t\t\t\t<section class=\"elementor-section elementor-top-section elementor-element elementor-element-23d2ad41 elementor-section-boxed elementor-section-height-default elementor-section-height-default\" data-id=\"23d2ad41\" data-element_type=\"section\">\n\t\t\t\t\t\t<div class=\"elementor-container elementor-column-gap-default\">\n\t\t\t\t\t<div class=\"elementor-column elementor-col-100 elementor-top-column elementor-element elementor-element-eb3364\" data-id=\"eb3364\" data-element_type=\"column\">\n\t\t\t<div class=\"elementor-widget-wrap elementor-element-populated\">\n\t\t\t\t\t\t<div class=\"elementor-element elementor-element-4efb324a elementor-widget elementor-widget-text-editor\" data-id=\"4efb324a\" data-element_type=\"widget\" data-widget_type=\"text-editor.default\">\n\t\t\t\t<div class=\"elementor-widget-container\">\n\t\t\t\t\t\t\t\t\t<style>\n  .contact-section {\n    max-width: 1200px;\n    margin: 100px auto 0;\n    font-family: \"Work Sans\", sans-serif;\n    color: #42474a;\n  }\n\n  .contact-section__container {\n    display: flex;\n    flex-wrap: wrap;\n    gap: 20px;\n  }\n\n  .contact-section__left,\n  .contact-section__right {\n    flex: 1 1 300px;\n  }\n\n  .contact-section__image-wrapper {\n    max-height: 650px;\n    overflow: hidden;\n  }\n\n  .contact-section__image-wrapper img {\n    width: 100%;\n    height: auto;\n    display: block;\n    border-radius: 8px;\n  }\n\n  .office-service-info {\n    display: flex;\n    flex-wrap: wrap;\n    background-color: #177374;\n    color: white;\n    padding: 20px;\n    border-radius: 8px;\n    margin-top: 10px;\n    font-size: 1em;\n    gap: 20px;\n  }\n\n  .office-service-info > div {\n    flex: 1 1 220px;\n    line-height: 1.6;\n  }\n\n  .company-details {\n    background-color: #177374;\n    padding: 20px;\n    border-radius: 8px;\n    color: white;\n  }\n\n  .company-details h2 {\n    text-align: center;\n    margin-bottom: 20px;\n    font-size: 1.5em;\n  }\n\n  .company-details__columns {\n    display: flex;\n    flex-wrap: wrap;\n    gap: 20px;\n    font-size: 0.95em;\n    line-height: 1.6;\n  }\n\n  .company-details__column {\n    flex: 1 1 200px;\n  }\n\n  iframe.google-map {\n    border: 0;\n    width: 100%;\n    max-height: 300px;\n    margin-top: 40px;\n    border-radius: 8px;\n  }\n\n  .info-columns {\n    display: flex;\n    flex-wrap: wrap;\n    gap: 20px;\n    margin-top: 100px;\n  }\n\n  .info-column {\n    flex: 1 1 300px;\n    border: 2px solid #dba08b;\n    border-radius: 8px;\n    padding: 20px;\n    text-align: center;\n    background-color: #fff;\n  }\n\n  .info-column img {\n    width: 80px;\n    height: 80px;\n    border-radius: 50%;\n    margin-bottom: 15px;\n  }\n\n  .info-column h3,\n  .info-column h4 {\n    font-family: \"Playfair Display\", serif;\n    font-weight: 700;\n    font-size: 26px;\n    margin-bottom: 15px;\n    color: #42474a;\n  }\n\n  .info-column p {\n    font-size: 16px;\n    margin: 0 0 10px;\n    color: #42474a;\n  }\n\n  @media (max-width: 768px) {\n    .contact-section__container,\n    .company-details__columns,\n    .info-columns {\n      flex-direction: column;\n    }\n\n    .info-column img {\n      width: 60px;\n      height: 60px;\n    }\n\n    .info-column h3,\n    .info-column h4 {\n      font-size: 22px;\n    }\n\n    .info-column p {\n      font-size: 14px;\n    }\n  }\n<\/style>\n\n<section class=\"contact-section\">\n  <div class=\"contact-section__container\">\n\n    <!-- Kreis\u0101 kolonna: att\u0113ls + darba laiks -->\n    <div class=\"contact-section__left\">\n      <div class=\"contact-section__image-wrapper\">\n        <img decoding=\"async\" src=\"http:\/\/beta.armiks.lv\/wp-content\/uploads\/2023\/08\/armiks-cover.jpg\" alt=\"Armiks biroja att\u0113ls\">\n      <\/div>\n      <div class=\"office-service-info\">\n        <div>\n          <strong>Biroja darba laiks:<\/strong><br>\n          P. \u2013 Pk. 8:00\u201317:00<br>\n          S. \u2013 Sv. Sl\u0113gts\n        <\/div>\n        <div>\n          <strong>Slauk\u0161anas iek\u0101rtu serviss 24\/7\/365<\/strong><br>\n          Tehnisk\u0101 dienesta numurs: <br>0000000\n        <\/div>\n      <\/div>\n    <\/div>\n\n    <!-- Lab\u0101 kolonna: uz\u0146\u0113muma rekviz\u012bti -->\n    <div class=\"contact-section__right company-details\">\n      <h2>M\u016bsu rekviz\u012bti<\/h2>\n      <div class=\"company-details__columns\">\n        <div class=\"company-details__column\">\n          <p>SIA &#8220;Armiks&#8221;<\/p>\n          <p>Re\u0123. Nr.: 55403038681<\/p>\n          <p>PVN Nr.: LV55403038681<\/p>\n          <p>Adrese: &#8220;Os\u012b\u0161i&#8221;, K\u016bku pag., J\u0113kabpils nov., LV-5222<\/p>\n        <\/div>\n        <div class=\"company-details__column\">\n          <p>E-pasts: <a href=\"mailto:armiks@armiks.lv\" style=\"color: #fff; text-decoration: underline;\">armiks@armiks.lv<\/a><\/p>\n          <p>Banka: AS Swedbank<\/p>\n          <p>SWIFT: HABALV22<\/p>\n          <p>Konts: LV08HABA0551037616958<\/p>\n        <\/div>\n      <\/div>\n    <\/div>\n\n  <\/div>\n\n  <!-- Google Maps -->\n  <iframe class=\"google-map\" src=\"https:\/\/www.google.com\/maps\/embed?pb=!1m18!1m12!1m3!1d17604.304241303835!2d25.89533947620222!3d56.52738191996014!2m3!1f0!2f0!3f0!3m2!1i1024!2i768!4f13.1!3m3!1m2!1s0x0%3A0x25494cbdd4554a31!2sSIA%20''ARMIKS''!5e0!3m2!1sen!2slv!4v1586321329512!5m2!1sen!2slv\" allowfullscreen loading=\"lazy\"><\/iframe>\n\n  <!-- Info kolonnas ar ikon\u0101m -->\n  <div class=\"info-columns\">\n    <div class=\"info-column\">\n      <img decoding=\"async\" src=\"https:\/\/beta.armiks.lv\/wp-content\/uploads\/2023\/08\/icon-04.png\" alt=\"Brauciet ciemos\">\n      <h3>Brauciet ciemos<\/h3>\n      <p>&#8220;Os\u012b\u0161i&#8221;, K\u016bku pag.,<br>J\u0113kabpils nov., LV-5222<\/p>\n    <\/div>\n\n    <div class=\"info-column\">\n      <img decoding=\"async\" src=\"https:\/\/beta.armiks.lv\/wp-content\/uploads\/2023\/08\/icon-05.png\" alt=\"Zvaniet mums\">\n      <h3>Zvaniet mums<\/h3>\n      <p>+371 29434640<\/p>\n      <p>+371 29775133<\/p>\n    <\/div>\n\n    <div class=\"info-column\">\n      <img decoding=\"async\" src=\"https:\/\/beta.armiks.lv\/wp-content\/uploads\/2023\/08\/icon-06.png\" alt=\"Rakstiet mums\">\n      <h4>Rakstiet mums<\/h4>\n      <p>armiks@armiks.lv<\/p>\n      <p>armiks@armiks.eu<\/p>\n    <\/div>\n  <\/div>\n<\/section>\n\t\t\t\t\t\t\t\t<\/div>\n\t\t\t\t<\/div>\n\t\t\t\t\t<\/div>\n\t\t<\/div>\n\t\t\t\t\t<\/div>\n\t\t<\/section>\n\t\t\t\t<\/div>\n\t\t","protected":false},"excerpt":{"rendered":"<p>Biroja darba laiks: P. \u2013 Pk. 8:00\u201317:00 S. \u2013 Sv. Sl\u0113gts Slauk\u0161anas iek\u0101rtu serviss 24\/7\/365 Tehnisk\u0101 dienesta numurs: 0000000 M\u016bsu rekviz\u012bti SIA &#8220;Armiks&#8221; Re\u0123. Nr.: 55403038681 PVN Nr.: LV55403038681 Adrese: &#8220;Os\u012b\u0161i&#8221;, K\u016bku pag., J\u0113kabpils nov., LV-5222 E-pasts: armiks@armiks.lv Banka: AS<\/p>\n","protected":false},"author":1,"featured_media":0,"parent":0,"menu_order":0,"comment_status":"closed","ping_status":"closed","template":"page-templates\/page-builder.php","meta":{"footnotes":""},"class_list":["post-38","page","type-page","status-publish","hentry"],"aioseo_notices":[],"_links":{"self":[{"href":"https:\/\/beta.armiks.lv\/index.php\/wp-json\/wp\/v2\/pages\/38","targetHints":{"allow":["GET"]}}],"collection":[{"href":"https:\/\/beta.armiks.lv\/index.php\/wp-json\/wp\/v2\/pages"}],"about":[{"href":"https:\/\/beta.armiks.lv\/index.php\/wp-json\/wp\/v2\/types\/page"}],"author":[{"embeddable":true,"href":"https:\/\/beta.armiks.lv\/index.php\/wp-json\/wp\/v2\/users\/1"}],"replies":[{"embeddable":true,"href":"https:\/\/beta.armiks.lv\/index.php\/wp-json\/wp\/v2\/comments?post=38"}],"version-history":[{"count":43,"href":"https:\/\/beta.armiks.lv\/index.php\/wp-json\/wp\/v2\/pages\/38\/revisions"}],"predecessor-version":[{"id":1053,"href":"https:\/\/beta.armiks.lv\/index.php\/wp-json\/wp\/v2\/pages\/38\/revisions\/1053"}],"wp:attachment":[{"href":"https:\/\/beta.armiks.lv\/index.php\/wp-json\/wp\/v2\/media?parent=38"}],"curies":[{"name":"wp","href":"https:\/\/api.w.org\/{rel}","templated":true}]}}