{"id":1078,"date":"2025-08-31T19:55:07","date_gmt":"2025-08-31T16:55:07","guid":{"rendered":"https:\/\/beta.armiks.lv\/?page_id=1078"},"modified":"2025-08-31T20:09:28","modified_gmt":"2025-08-31T17:09:28","slug":"par-mums","status":"publish","type":"page","link":"https:\/\/beta.armiks.lv\/index.php\/par-mums\/","title":{"rendered":"Par mums"},"content":{"rendered":"\t\t<div data-elementor-type=\"wp-page\" data-elementor-id=\"1078\" class=\"elementor elementor-1078\">\n\t\t\t\t\t\t<section class=\"elementor-section elementor-top-section elementor-element elementor-element-30d53360 elementor-section-boxed elementor-section-height-default elementor-section-height-default\" data-id=\"30d53360\" data-element_type=\"section\">\n\t\t\t\t\t\t<div class=\"elementor-container elementor-column-gap-default\">\n\t\t\t\t\t<div class=\"elementor-column elementor-col-100 elementor-top-column elementor-element elementor-element-73856e85\" data-id=\"73856e85\" data-element_type=\"column\">\n\t\t\t<div class=\"elementor-widget-wrap elementor-element-populated\">\n\t\t\t\t\t\t<div class=\"elementor-element elementor-element-10c68efd elementor-widget elementor-widget-text-editor\" data-id=\"10c68efd\" data-element_type=\"widget\" data-widget_type=\"text-editor.default\">\n\t\t\t\t<div class=\"elementor-widget-container\">\n\t\t\t\t\t\t\t\t\t<header>\n<h1 data-start=\"221\" data-end=\"237\"><strong data-start=\"223\" data-end=\"237\">SIA Armiks<\/strong><\/h1><h1>\n<p data-start=\"239\" data-end=\"275\"><strong data-start=\"239\" data-end=\"273\">\u201cJ\u016bsu v\u0113lmes \u2013 m\u016bsu iesp\u0113jas.\u201d<\/strong><\/p>\n<p data-start=\"277\" data-end=\"430\">SIA Armiks ir Latvijas uz\u0146\u0113mums, kas dibin\u0101ts 2013. gad\u0101 ar m\u0113r\u0137i <strong data-start=\"343\" data-end=\"427\">pal\u012bdz\u0113t lauksaimniekiem att\u012bst\u012bt modernu, efekt\u012bvu un ilgtsp\u0113j\u012bgu saimnieko\u0161anu<\/strong>.<\/p>\n<p data-start=\"432\" data-end=\"455\">M\u0113s specializ\u0113jamies:<\/p>\n<ul data-start=\"456\" data-end=\"611\">\n<li data-start=\"456\" data-end=\"506\">\n<p data-start=\"458\" data-end=\"506\">Lauksaimniec\u012bbas un lopkop\u012bbas iek\u0101rtu pieg\u0101d\u0113<\/p>\n<\/li>\n<li data-start=\"507\" data-end=\"522\">\n<p data-start=\"509\" data-end=\"522\">Uzst\u0101d\u012b\u0161an\u0101<\/p>\n<\/li>\n<li data-start=\"523\" data-end=\"558\">\n<p data-start=\"525\" data-end=\"558\">Regul\u0101r\u0101 apkop\u0113 un 24\/7 remont\u0101<\/p>\n<\/li>\n<li data-start=\"559\" data-end=\"611\">\n<p data-start=\"561\" data-end=\"611\">Profesion\u0101l\u0101s konsult\u0101cij\u0101s un projektu izstr\u0101d\u0113<\/p>\n<\/li>\n<\/ul>\n<p data-start=\"613\" data-end=\"876\">Esam <strong data-start=\"618\" data-end=\"643\">GEA Farm Technologies<\/strong> un citu pasaul\u0113 atz\u012btu ra\u017eot\u0101ju ofici\u0101lais p\u0101rst\u0101vis Latvij\u0101. Papildus kl\u0101tienes servisam pied\u0101v\u0101jam pla\u0161u sortimentu <strong data-start=\"762\" data-end=\"802\">ikdienas un specializ\u0113t\u0101m vajadz\u012bb\u0101m<\/strong> m\u016bsu interneta veikal\u0101: <a data-start=\"827\" data-end=\"873\" rel=\"noopener\" target=\"_new\" class=\"decorated-link\" href=\"https:\/\/www.elopkopiba.lv?utm_source=chatgpt.com\">www.elopkopiba.lv<span aria-hidden=\"true\" class=\"ms-0.5 inline-block align-middle leading-none\"><svg width=\"20\" height=\"20\" viewBox=\"0 0 20 20\" fill=\"currentColor\" xmlns=\"http:\/\/www.w3.org\/2000\/svg\" data-rtl-flip=\"\" class=\"block h-[0.75em] w-[0.75em] stroke-current stroke-[0.75]\"><path d=\"M14.3349 13.3301V6.60645L5.47065 15.4707C5.21095 15.7304 4.78895 15.7304 4.52925 15.4707C4.26955 15.211 4.26955 14.789 4.52925 14.5293L13.3935 5.66504H6.66011C6.29284 5.66504 5.99507 5.36727 5.99507 5C5.99507 4.63273 6.29284 4.33496 6.66011 4.33496H14.9999L15.1337 4.34863C15.4369 4.41057 15.665 4.67857 15.665 5V13.3301C15.6649 13.6973 15.3672 13.9951 14.9999 13.9951C14.6327 13.9951 14.335 13.6973 14.3349 13.3301Z\"><\/path><\/svg><\/span><\/a>.<\/p>\n<hr data-start=\"878\" data-end=\"881\">\n<\/h1><h2 data-start=\"883\" data-end=\"902\"><strong data-start=\"886\" data-end=\"902\">Kopsavilkums<\/strong><\/h2><h1>\n<p data-start=\"904\" data-end=\"1011\">SIA Armiks ir <strong data-start=\"918\" data-end=\"990\">uzticams partneris Latvijas lauksaimniekiem jau vair\u0101k nek\u0101 10 gadus<\/strong>.<br data-start=\"991\" data-end=\"994\">\nM\u0113s nodro\u0161in\u0101m:<\/p>\n<ul data-start=\"1012\" data-end=\"1130\">\n<li data-start=\"1012\" data-end=\"1059\">\n<p data-start=\"1014\" data-end=\"1059\">Modernu fermu un lopkop\u012bbas iek\u0101rtu pieg\u0101di<\/p>\n<\/li>\n<li data-start=\"1060\" data-end=\"1091\">\n<p data-start=\"1062\" data-end=\"1091\">Uzst\u0101d\u012b\u0161anu un servisu 24\/7<\/p>\n<\/li>\n<li data-start=\"1092\" data-end=\"1130\">\n<p data-start=\"1094\" data-end=\"1130\">Konsult\u0101cijas un projektu izstr\u0101di<\/p>\n<\/li>\n<\/ul>\n<p data-start=\"1132\" data-end=\"1352\">Pla\u0161s un regul\u0101ri papildin\u0101ts pre\u010du kl\u0101sts m\u016bsu e-veikal\u0101 <strong data-start=\"1190\" data-end=\"1240\"><a data-start=\"1192\" data-end=\"1238\" rel=\"noopener\" target=\"_new\" class=\"decorated-link\" href=\"https:\/\/www.elopkopiba.lv?utm_source=chatgpt.com\">www.elopkopiba.lv<span aria-hidden=\"true\" class=\"ms-0.5 inline-block align-middle leading-none\"><svg width=\"20\" height=\"20\" viewBox=\"0 0 20 20\" fill=\"currentColor\" xmlns=\"http:\/\/www.w3.org\/2000\/svg\" data-rtl-flip=\"\" class=\"block h-[0.75em] w-[0.75em] stroke-current stroke-[0.75]\"><path d=\"M14.3349 13.3301V6.60645L5.47065 15.4707C5.21095 15.7304 4.78895 15.7304 4.52925 15.4707C4.26955 15.211 4.26955 14.789 4.52925 14.5293L13.3935 5.66504H6.66011C6.29284 5.66504 5.99507 5.36727 5.99507 5C5.99507 4.63273 6.29284 4.33496 6.66011 4.33496H14.9999L15.1337 4.34863C15.4369 4.41057 15.665 4.67857 15.665 5V13.3301C15.6649 13.6973 15.3672 13.9951 14.9999 13.9951C14.6327 13.9951 14.335 13.6973 14.3349 13.3301Z\"><\/path><\/svg><\/span><\/a><\/strong> pal\u012bdz gan maz\u0101m, gan liel\u0101m saimniec\u012bb\u0101m <strong data-start=\"1283\" data-end=\"1349\">str\u0101d\u0101t efekt\u012bv\u0101k, ilgtsp\u0113j\u012bg\u0101k un ar p\u0101rliec\u012bbu par kvalit\u0101ti<\/strong>.<\/p>\n<hr data-start=\"1354\" data-end=\"1357\">\n<\/h1><h2 data-start=\"1359\" data-end=\"1377\"><strong data-start=\"1362\" data-end=\"1377\">M\u016bsu misija<\/strong><\/h2><h1>\n<p data-start=\"1379\" data-end=\"1611\">M\u016bsu misija ir <strong data-start=\"1394\" data-end=\"1463\">veicin\u0101t Latvijas lopkop\u012bbas un lauksaimniec\u012bbas nozares izaugsmi<\/strong>, nodro\u0161inot <strong data-start=\"1476\" data-end=\"1526\">inovat\u012bvus, uzticamus un efekt\u012bvus risin\u0101jumus<\/strong>, kas pal\u012bdz saimniec\u012bb\u0101m k\u013c\u016bt ilgtsp\u0113j\u012bg\u0101k\u0101m, produkt\u012bv\u0101k\u0101m un konkur\u0113tsp\u0113j\u012bg\u0101k\u0101m.<\/p>\n<p data-start=\"1613\" data-end=\"1668\">M\u0113s uzskat\u0101m, ka m\u016bsdien\u012bga saimnieko\u0161ana balst\u0101s uz:<\/p>\n<ul data-start=\"1669\" data-end=\"1754\">\n<li data-start=\"1669\" data-end=\"1684\">\n<p data-start=\"1671\" data-end=\"1684\">Tehnolo\u0123iju<\/p>\n<\/li>\n<li data-start=\"1685\" data-end=\"1708\">\n<p data-start=\"1687\" data-end=\"1708\">Dz\u012bvnieku labtur\u012bbu<\/p>\n<\/li>\n<li data-start=\"1709\" data-end=\"1754\">\n<p data-start=\"1711\" data-end=\"1754\">Cilv\u0113ku profesion\u0101l\u0101s izaugsmes l\u012bdzsvaru<\/p>\n<\/li>\n<\/ul>\n<p data-start=\"1756\" data-end=\"1888\">T\u0101p\u0113c pied\u0101v\u0101jam ne tikai apr\u012bkojumu, bet ar\u012b <strong data-start=\"1802\" data-end=\"1885\">pievienoto v\u0113rt\u012bbu \u2013 konsult\u0101cijas, apm\u0101c\u012bbas un nep\u0101rtrauktu tehnisko atbalstu<\/strong>.<\/p>\n<hr data-start=\"1890\" data-end=\"1893\">\n<\/h1><h2 data-start=\"1895\" data-end=\"1917\"><strong data-start=\"1898\" data-end=\"1917\">M\u016bsu ap\u0146em\u0161an\u0101s<\/strong><\/h2><h1>\n<ul data-start=\"1919\" data-end=\"2155\">\n<li data-start=\"1919\" data-end=\"1964\">\n<p data-start=\"1921\" data-end=\"1964\">Pilnu servisu no idejas l\u012bdz realiz\u0101cijai<\/p>\n<\/li>\n<li data-start=\"1965\" data-end=\"2008\">\n<p data-start=\"1967\" data-end=\"2008\">Iek\u0101rtu regul\u0101ru apkopi un remontu 24\/7<\/p>\n<\/li>\n<li data-start=\"2009\" data-end=\"2092\">\n<p data-start=\"2011\" data-end=\"2092\">Individu\u0101li piel\u0101gotus risin\u0101jumus \u2013 no \u0123imenes saimniec\u012bb\u0101m l\u012bdz liel\u0101m ferm\u0101m<\/p>\n<\/li>\n<li data-start=\"2093\" data-end=\"2155\">\n<p data-start=\"2095\" data-end=\"2155\">Atbalstu un partner\u012bbu ilgtermi\u0146\u0101, augot kop\u0101 ar klientiem<\/p>\n<\/li>\n<\/ul>\n<hr data-start=\"2157\" data-end=\"2160\">\n<\/h1><h2 data-start=\"2162\" data-end=\"2180\"><strong data-start=\"2165\" data-end=\"2180\">M\u016bsu preces<\/strong><\/h2><h1>\n<p data-start=\"2182\" data-end=\"2497\">M\u016bsu interneta veikal\u0101 <strong data-start=\"2205\" data-end=\"2255\"><a data-start=\"2207\" data-end=\"2253\" rel=\"noopener\" target=\"_new\" class=\"decorated-link\" href=\"https:\/\/www.elopkopiba.lv?utm_source=chatgpt.com\">www.elopkopiba.lv<span aria-hidden=\"true\" class=\"ms-0.5 inline-block align-middle leading-none\"><svg width=\"20\" height=\"20\" viewBox=\"0 0 20 20\" fill=\"currentColor\" xmlns=\"http:\/\/www.w3.org\/2000\/svg\" data-rtl-flip=\"\" class=\"block h-[0.75em] w-[0.75em] stroke-current stroke-[0.75]\"><path d=\"M14.3349 13.3301V6.60645L5.47065 15.4707C5.21095 15.7304 4.78895 15.7304 4.52925 15.4707C4.26955 15.211 4.26955 14.789 4.52925 14.5293L13.3935 5.66504H6.66011C6.29284 5.66504 5.99507 5.36727 5.99507 5C5.99507 4.63273 6.29284 4.33496 6.66011 4.33496H14.9999L15.1337 4.34863C15.4369 4.41057 15.665 4.67857 15.665 5V13.3301C15.6649 13.6973 15.3672 13.9951 14.9999 13.9951C14.6327 13.9951 14.335 13.6973 14.3349 13.3301Z\"><\/path><\/svg><\/span><\/a><\/strong> pieejams pla\u0161s un regul\u0101ri papildin\u0101ts sortiments.<br data-start=\"2306\" data-end=\"2309\">\nTuv\u0101kaj\u0101 n\u0101kotn\u0113 tas p\u0101rsniegs <strong data-start=\"2340\" data-end=\"2372\">15 000 r\u016bp\u012bgi atlas\u012btu pre\u010du<\/strong>, kas nepiecie\u0161amas m\u016bsdien\u012bgai piena lopkop\u012bbai, liellopiem, ait\u0101m, kaz\u0101m, c\u016bk\u0101m, zirgiem, ferm\u0101m, sta\u013c\u013ciem un person\u0101lam.<\/p>\n<p data-start=\"2499\" data-end=\"2607\">No ikdienas s\u012bkumiem l\u012bdz specializ\u0113tam apr\u012bkojumam \u2013 m\u0113s nodro\u0161in\u0101m <strong data-start=\"2568\" data-end=\"2604\">kvalit\u0101ti, uz kuru var pa\u013cauties<\/strong>.<\/p>\n<p data-start=\"2609\" data-end=\"2633\"><strong data-start=\"2609\" data-end=\"2631\">Pre\u010du kategorijas:<\/strong><\/p>\n<ul data-start=\"2634\" data-end=\"2944\">\n<li data-start=\"2634\" data-end=\"2661\">\n<p data-start=\"2636\" data-end=\"2661\">V\u0113ja un saules ener\u0123ija<\/p>\n<\/li>\n<li data-start=\"2662\" data-end=\"2686\">\n<p data-start=\"2664\" data-end=\"2686\">Caurules, veidgabali<\/p>\n<\/li>\n<li data-start=\"2687\" data-end=\"2715\">\n<p data-start=\"2689\" data-end=\"2715\">Mauri\u0146a p\u013cau\u0161anas roboti<\/p>\n<\/li>\n<li data-start=\"2716\" data-end=\"2736\">\n<p data-start=\"2718\" data-end=\"2736\">Fermu apr\u012bkojums<\/p>\n<\/li>\n<li data-start=\"2737\" data-end=\"2751\">\n<p data-start=\"2739\" data-end=\"2751\">Jaunlopiem<\/p>\n<\/li>\n<li data-start=\"2752\" data-end=\"2775\">\n<p data-start=\"2754\" data-end=\"2775\">K\u016btsm\u0113slu izv\u0101k\u0161ana<\/p>\n<\/li>\n<li data-start=\"2776\" data-end=\"2790\">\n<p data-start=\"2778\" data-end=\"2790\">Liellopiem<\/p>\n<\/li>\n<li data-start=\"2791\" data-end=\"2814\">\n<p data-start=\"2793\" data-end=\"2814\">Zirgiem, j\u0101tniekiem<\/p>\n<\/li>\n<li data-start=\"2815\" data-end=\"2826\">\n<p data-start=\"2817\" data-end=\"2826\">Gan\u012bb\u0101m<\/p>\n<\/li>\n<li data-start=\"2827\" data-end=\"2851\">\n<p data-start=\"2829\" data-end=\"2851\">Baro\u0161anas apr\u012bkojums<\/p>\n<\/li>\n<li data-start=\"2852\" data-end=\"2874\">\n<p data-start=\"2854\" data-end=\"2874\">Higi\u0113na un kop\u0161ana<\/p>\n<\/li>\n<li data-start=\"2875\" data-end=\"2894\">\n<p data-start=\"2877\" data-end=\"2894\">Piena dzes\u0113\u0161ana<\/p>\n<\/li>\n<li data-start=\"2895\" data-end=\"2918\">\n<p data-start=\"2897\" data-end=\"2918\">Saimniec\u012bbas preces<\/p>\n<\/li>\n<li data-start=\"2919\" data-end=\"2944\">\n<p data-start=\"2921\" data-end=\"2944\">Slauk\u0161anas apr\u012bkojums<\/p>\n<\/li>\n<\/ul>\n<hr data-start=\"2946\" data-end=\"2949\">\n<\/h1><h2 data-start=\"2951\" data-end=\"2971\"><strong data-start=\"2954\" data-end=\"2971\">M\u016bsu v\u0113rt\u012bbas<\/strong><\/h2><h1>\n<p data-start=\"2973\" data-end=\"3231\">\ud83c\udf31 <strong data-start=\"2976\" data-end=\"2988\">God\u012bgums<\/strong> \u2013 veidojam uzticamas un ilgtermi\u0146a attiec\u012bbas<br data-start=\"3034\" data-end=\"3037\">\n\u2699\ufe0f <strong data-start=\"3040\" data-end=\"3060\">Profesionalit\u0101te<\/strong> \u2013 nodro\u0161in\u0101m augst\u0101ko kvalit\u0101ti katr\u0101 darb\u0101<br data-start=\"3104\" data-end=\"3107\">\n\ud83e\udd1d <strong data-start=\"3110\" data-end=\"3123\">Atbild\u012bba<\/strong> \u2013 esam l\u012bdz\u0101s klientiem katr\u0101 sol\u012b, 24\/7<br data-start=\"3164\" data-end=\"3167\">\n\ud83d\ude80 <strong data-start=\"3170\" data-end=\"3183\">Att\u012bst\u012bba<\/strong> \u2013 invest\u0113jam inov\u0101cij\u0101s, komand\u0101 un zin\u0101\u0161an\u0101s<\/p>\n<hr data-start=\"3233\" data-end=\"3236\">\n<\/h1><h2 data-start=\"3238\" data-end=\"3253\"><strong data-start=\"3241\" data-end=\"3253\">Kontakti<\/strong><\/h2><h1>\n<p data-start=\"3255\" data-end=\"3570\">\ud83d\udccd Adrese: \u201cOs\u012b\u0161i\u201d, K\u016bku pagasts, J\u0113kabpils novads, LV-5222<br data-start=\"3314\" data-end=\"3317\">\n\ud83d\udcde T\u0101lrunis: +371 29775133 \/ +371 29434640<br data-start=\"3359\" data-end=\"3362\">\n\ud83c\udf10 M\u0101jaslapa: <a data-start=\"3376\" data-end=\"3414\" rel=\"noopener\" target=\"_new\" class=\"decorated-link\" href=\"https:\/\/www.armiks.lv?utm_source=chatgpt.com\">www.armiks.lv<span aria-hidden=\"true\" class=\"ms-0.5 inline-block align-middle leading-none\"><svg width=\"20\" height=\"20\" viewBox=\"0 0 20 20\" fill=\"currentColor\" xmlns=\"http:\/\/www.w3.org\/2000\/svg\" data-rtl-flip=\"\" class=\"block h-[0.75em] w-[0.75em] stroke-current stroke-[0.75]\"><path d=\"M14.3349 13.3301V6.60645L5.47065 15.4707C5.21095 15.7304 4.78895 15.7304 4.52925 15.4707C4.26955 15.211 4.26955 14.789 4.52925 14.5293L13.3935 5.66504H6.66011C6.29284 5.66504 5.99507 5.36727 5.99507 5C5.99507 4.63273 6.29284 4.33496 6.66011 4.33496H14.9999L15.1337 4.34863C15.4369 4.41057 15.665 4.67857 15.665 5V13.3301C15.6649 13.6973 15.3672 13.9951 14.9999 13.9951C14.6327 13.9951 14.335 13.6973 14.3349 13.3301Z\"><\/path><\/svg><\/span><\/a> \/ <a data-start=\"3417\" data-end=\"3455\" rel=\"noopener\" target=\"_new\" class=\"decorated-link cursor-pointer\">www.armiks.eu<span aria-hidden=\"true\" class=\"ms-0.5 inline-block align-middle leading-none\"><svg width=\"20\" height=\"20\" viewBox=\"0 0 20 20\" fill=\"currentColor\" xmlns=\"http:\/\/www.w3.org\/2000\/svg\" data-rtl-flip=\"\" class=\"block h-[0.75em] w-[0.75em] stroke-current stroke-[0.75]\"><path d=\"M14.3349 13.3301V6.60645L5.47065 15.4707C5.21095 15.7304 4.78895 15.7304 4.52925 15.4707C4.26955 15.211 4.26955 14.789 4.52925 14.5293L13.3935 5.66504H6.66011C6.29284 5.66504 5.99507 5.36727 5.99507 5C5.99507 4.63273 6.29284 4.33496 6.66011 4.33496H14.9999L15.1337 4.34863C15.4369 4.41057 15.665 4.67857 15.665 5V13.3301C15.6649 13.6973 15.3672 13.9951 14.9999 13.9951C14.6327 13.9951 14.335 13.6973 14.3349 13.3301Z\"><\/path><\/svg><\/span><\/a><br data-start=\"3455\" data-end=\"3458\">\n\ud83d\uded2 E-veikals: <a data-start=\"3472\" data-end=\"3518\" rel=\"noopener\" target=\"_new\" class=\"decorated-link\" href=\"https:\/\/www.elopkopiba.lv?utm_source=chatgpt.com\">www.elopkopiba.lv<span aria-hidden=\"true\" class=\"ms-0.5 inline-block align-middle leading-none\"><svg width=\"20\" height=\"20\" viewBox=\"0 0 20 20\" fill=\"currentColor\" xmlns=\"http:\/\/www.w3.org\/2000\/svg\" data-rtl-flip=\"\" class=\"block h-[0.75em] w-[0.75em] stroke-current stroke-[0.75]\"><path d=\"M14.3349 13.3301V6.60645L5.47065 15.4707C5.21095 15.7304 4.78895 15.7304 4.52925 15.4707C4.26955 15.211 4.26955 14.789 4.52925 14.5293L13.3935 5.66504H6.66011C6.29284 5.66504 5.99507 5.36727 5.99507 5C5.99507 4.63273 6.29284 4.33496 6.66011 4.33496H14.9999L15.1337 4.34863C15.4369 4.41057 15.665 4.67857 15.665 5V13.3301C15.6649 13.6973 15.3672 13.9951 14.9999 13.9951C14.6327 13.9951 14.335 13.6973 14.3349 13.3301Z\"><\/path><\/svg><\/span><\/a><br data-start=\"3518\" data-end=\"3521\">\n\ud83d\udce7 E-pasts: <a data-start=\"3533\" data-end=\"3549\" class=\"decorated-link cursor-pointer\" rel=\"noopener\">armiks@armiks.lv<span aria-hidden=\"true\" class=\"ms-0.5 inline-block align-middle leading-none\"><svg width=\"20\" height=\"20\" viewBox=\"0 0 20 20\" fill=\"currentColor\" xmlns=\"http:\/\/www.w3.org\/2000\/svg\" data-rtl-flip=\"\" class=\"block h-[0.75em] w-[0.75em] stroke-current stroke-[0.75]\"><path d=\"M14.3349 13.3301V6.60645L5.47065 15.4707C5.21095 15.7304 4.78895 15.7304 4.52925 15.4707C4.26955 15.211 4.26955 14.789 4.52925 14.5293L13.3935 5.66504H6.66011C6.29284 5.66504 5.99507 5.36727 5.99507 5C5.99507 4.63273 6.29284 4.33496 6.66011 4.33496H14.9999L15.1337 4.34863C15.4369 4.41057 15.665 4.67857 15.665 5V13.3301C15.6649 13.6973 15.3672 13.9951 14.9999 13.9951C14.6327 13.9951 14.335 13.6973 14.3349 13.3301Z\"><\/path><\/svg><\/span><\/a> \/ <a data-start=\"3552\" data-end=\"3568\" class=\"decorated-link cursor-pointer\" rel=\"noopener\">armiks@armiks.eu<span aria-hidden=\"true\" class=\"ms-0.5 inline-block align-middle leading-none\"><svg width=\"20\" height=\"20\" viewBox=\"0 0 20 20\" fill=\"currentColor\" xmlns=\"http:\/\/www.w3.org\/2000\/svg\" data-rtl-flip=\"\" class=\"block h-[0.75em] w-[0.75em] stroke-current stroke-[0.75]\"><path d=\"M14.3349 13.3301V6.60645L5.47065 15.4707C5.21095 15.7304 4.78895 15.7304 4.52925 15.4707C4.26955 15.211 4.26955 14.789 4.52925 14.5293L13.3935 5.66504H6.66011C6.29284 5.66504 5.99507 5.36727 5.99507 5C5.99507 4.63273 6.29284 4.33496 6.66011 4.33496H14.9999L15.1337 4.34863C15.4369 4.41057 15.665 4.67857 15.665 5V13.3301C15.6649 13.6973 15.3672 13.9951 14.9999 13.9951C14.6327 13.9951 14.335 13.6973 14.3349 13.3301Z\"><\/path><\/svg><\/span><\/a><\/p><\/h1><\/header><footer>\n<\/footer>\t\t\t\t\t\t\t\t<\/div>\n\t\t\t\t<\/div>\n\t\t\t\t\t<\/div>\n\t\t<\/div>\n\t\t\t\t\t<\/div>\n\t\t<\/section>\n\t\t\t\t<section class=\"elementor-section elementor-top-section elementor-element elementor-element-7787b0d elementor-section-boxed elementor-section-height-default elementor-section-height-default\" data-id=\"7787b0d\" data-element_type=\"section\">\n\t\t\t\t\t\t<div class=\"elementor-container elementor-column-gap-default\">\n\t\t\t\t\t<div class=\"elementor-column elementor-col-100 elementor-top-column elementor-element elementor-element-e5f93ed\" data-id=\"e5f93ed\" data-element_type=\"column\">\n\t\t\t<div class=\"elementor-widget-wrap elementor-element-populated\">\n\t\t\t\t\t\t<div class=\"elementor-element elementor-element-9961a30 elementor-widget elementor-widget-text-editor\" data-id=\"9961a30\" data-element_type=\"widget\" data-widget_type=\"text-editor.default\">\n\t\t\t\t<div class=\"elementor-widget-container\">\n\t\t\t\t\t\t\t\t\t<p>SIA Armiks, Latvijas uz\u0146\u0113mums, lauksaimnieki, lopkop\u012bba, fermas, piena lopkop\u012bba, liellopi, aitas, kazas, c\u016bkas, zirgi, sta\u013c\u013ci, iek\u0101rtas, pieg\u0101de, uzst\u0101d\u012b\u0161ana, apkope, remonts 24\/7, konsult\u0101cijas, projektu izstr\u0101de, interneta veikals, elopkopiba.lv, preces, sortiments, moderns, efekt\u012bvs, ilgtsp\u0113j\u012bgs, tehnolo\u0123ijas, kvalit\u0101te, uzticam\u012bba, serviss, partner\u012bba, inov\u0101cijas.Lorem ipsum dolor sit amet, consectetur adipiscing elit. Ut elit tellus, luctus nec ullamcorper mattis, pulvinar dapibus leo.<\/p>\t\t\t\t\t\t\t\t<\/div>\n\t\t\t\t<\/div>\n\t\t\t\t\t<\/div>\n\t\t<\/div>\n\t\t\t\t\t<\/div>\n\t\t<\/section>\n\t\t\t\t<\/div>\n\t\t","protected":false},"excerpt":{"rendered":"<p>SIA Armiks \u201cJ\u016bsu v\u0113lmes \u2013 m\u016bsu iesp\u0113jas.\u201d SIA Armiks ir Latvijas uz\u0146\u0113mums, kas dibin\u0101ts 2013. gad\u0101 ar m\u0113r\u0137i pal\u012bdz\u0113t lauksaimniekiem att\u012bst\u012bt modernu, efekt\u012bvu un ilgtsp\u0113j\u012bgu saimnieko\u0161anu. M\u0113s specializ\u0113jamies: Lauksaimniec\u012bbas un lopkop\u012bbas iek\u0101rtu pieg\u0101d\u0113 Uzst\u0101d\u012b\u0161an\u0101 Regul\u0101r\u0101 apkop\u0113 un 24\/7 remont\u0101 Profesion\u0101l\u0101s<\/p>\n","protected":false},"author":1,"featured_media":0,"parent":0,"menu_order":0,"comment_status":"closed","ping_status":"closed","template":"page-templates\/page-builder.php","meta":{"footnotes":""},"class_list":["post-1078","page","type-page","status-publish","hentry"],"aioseo_notices":[],"_links":{"self":[{"href":"https:\/\/beta.armiks.lv\/index.php\/wp-json\/wp\/v2\/pages\/1078","targetHints":{"allow":["GET"]}}],"collection":[{"href":"https:\/\/beta.armiks.lv\/index.php\/wp-json\/wp\/v2\/pages"}],"about":[{"href":"https:\/\/beta.armiks.lv\/index.php\/wp-json\/wp\/v2\/types\/page"}],"author":[{"embeddable":true,"href":"https:\/\/beta.armiks.lv\/index.php\/wp-json\/wp\/v2\/users\/1"}],"replies":[{"embeddable":true,"href":"https:\/\/beta.armiks.lv\/index.php\/wp-json\/wp\/v2\/comments?post=1078"}],"version-history":[{"count":16,"href":"https:\/\/beta.armiks.lv\/index.php\/wp-json\/wp\/v2\/pages\/1078\/revisions"}],"predecessor-version":[{"id":1094,"href":"https:\/\/beta.armiks.lv\/index.php\/wp-json\/wp\/v2\/pages\/1078\/revisions\/1094"}],"wp:attachment":[{"href":"https:\/\/beta.armiks.lv\/index.php\/wp-json\/wp\/v2\/media?parent=1078"}],"curies":[{"name":"wp","href":"https:\/\/api.w.org\/{rel}","templated":true}]}}